{"id":126671,"date":"2019-09-17T20:55:05","date_gmt":"2019-09-17T18:55:05","guid":{"rendered":"http:\/\/www.juniortravel.pl\/?page_id=126671"},"modified":"2022-11-23T11:11:31","modified_gmt":"2022-11-23T10:11:31","slug":"o-nas","status":"publish","type":"page","link":"https:\/\/test.juniortravel.pl\/index.php\/o-nas\/","title":{"rendered":"O nas"},"content":{"rendered":"<p>[vc_row][vc_column width=&#8221;1\/2&#8243;][\/vc_column][\/vc_row][vc_row][vc_column width=&#8221;1\/2&#8243;][\/vc_column][vc_column css_animation=&#8221;fadeInDown&#8221; width=&#8221;1\/2&#8243;][vc_column_text]<\/p>\n<h3 style=\"text-align: center;\"><b><span class=\"cf3 ff1 fs22\">JUNIOR TRAVEL Sp\u00f3\u0142ka z.o.o.<\/span><\/b><\/h3>\n<p>[\/vc_column_text][\/vc_column][\/vc_row][vc_row][vc_column][vc_separator][\/vc_column][\/vc_row][vc_row][vc_column css_animation=&#8221;bounceIn&#8221; width=&#8221;1\/4&#8243;][vc_icon icon_fontawesome=&#8221;fa fa-heart&#8221; color=&#8221;orange&#8221; size=&#8221;lg&#8221; align=&#8221;center&#8221;][vc_custom_heading text=&#8221;25 letnie do\u015bwiadczenie&#8221; font_container=&#8221;tag:h3|font_size:16px|text_align:left|line_height:1.2&#8243; use_theme_fonts=&#8221;yes&#8221; link=&#8221;url:http%3A%2F%2Fthemes.themeenergy.com%2Fbookyourtravel%2Faccommodation-tag%2Ffree-kids%2F|||&#8221; css=&#8221;.vc_custom_1569516735021{padding-top: 15px !important;padding-right: 15px !important;padding-bottom: 15px !important;padding-left: 15px !important;background-color: #ffffff !important;}&#8221; el_class=&#8221;shadow&#8221;][vc_column_text]Jeste\u015bmy w turystyce od 25 lat. Zesp\u00f3\u0142 Junior Travel spe\u0142ni Twoje wszystkie specjalne \u017cyczenia. Oferujemy fachowe i profesjonalne porady dotycz\u0105ce doboru wycieczek.[\/vc_column_text][\/vc_column][vc_column css_animation=&#8221;bounceIn&#8221; width=&#8221;1\/4&#8243;][vc_icon icon_fontawesome=&#8221;fa fa-money&#8221; color=&#8221;orange&#8221; size=&#8221;lg&#8221; align=&#8221;center&#8221;][vc_custom_heading text=&#8221;Wygodne p\u0142atno\u015bci&#8221; font_container=&#8221;tag:h3|font_size:16px|text_align:left|line_height:1.2&#8243; use_theme_fonts=&#8221;yes&#8221; link=&#8221;url:http%3A%2F%2Fthemes.themeenergy.com%2Fbookyourtravel%2Faccommodation-tag%2Ffree-kids%2F|||&#8221; css=&#8221;.vc_custom_1569517110755{padding-top: 15px !important;padding-right: 15px !important;padding-bottom: 15px !important;padding-left: 15px !important;background-color: #ffffff !important;}&#8221; el_class=&#8221;shadow&#8221;][vc_column_text]Po podpisaniu umowy, mo\u017cna dokonywa\u0107 w formie ratalnej, przelewem lub got\u00f3wk\u0105 &#8211; pracownik biura mo\u017ce przyjecha\u0107 do szko\u0142y.[\/vc_column_text][\/vc_column][vc_column css_animation=&#8221;bounceIn&#8221; width=&#8221;1\/4&#8243;][vc_icon icon_fontawesome=&#8221;fa fa-pencil-square-o&#8221; color=&#8221;orange&#8221; size=&#8221;lg&#8221; align=&#8221;center&#8221;][vc_custom_heading text=&#8221;Podpisanie umowy&#8221; font_container=&#8221;tag:h3|font_size:16px|text_align:left|line_height:1.2&#8243; use_theme_fonts=&#8221;yes&#8221; link=&#8221;url:http%3A%2F%2Fthemes.themeenergy.com%2Fbookyourtravel%2Faccommodation-tag%2Ffree-kids%2F|||&#8221; css=&#8221;.vc_custom_1569517193657{padding-top: 15px !important;padding-right: 15px !important;padding-bottom: 15px !important;padding-left: 15px !important;background-color: #ffffff !important;}&#8221; el_class=&#8221;shadow&#8221;][vc_column_text]Po zg\u0142oszeniu udzia\u0142u w wycieczce i podaniu liczby os\u00f3b, uzgadniamy termin spotkania i podpisania umowy. Istnieje mo\u017cliwo\u015b\u0107 przyjazdu naszego pracownika do szko\u0142y.[\/vc_column_text][\/vc_column][vc_column css_animation=&#8221;bounceIn&#8221; width=&#8221;1\/4&#8243;][vc_icon icon_fontawesome=&#8221;fa fa-tags&#8221; color=&#8221;orange&#8221; size=&#8221;lg&#8221; align=&#8221;center&#8221;][vc_custom_heading text=&#8221;Cena wycieczki&#8221; font_container=&#8221;tag:h3|font_size:16px|text_align:left|line_height:1.2&#8243; use_theme_fonts=&#8221;yes&#8221; link=&#8221;url:http%3A%2F%2Fthemes.themeenergy.com%2Fbookyourtravel%2Faccommodation-tag%2Ffree-kids%2F|||&#8221; css=&#8221;.vc_custom_1569517220504{padding-top: 15px !important;padding-right: 15px !important;padding-bottom: 15px !important;padding-left: 15px !important;background-color: #ffffff !important;}&#8221; el_class=&#8221;shadow&#8221;][vc_column_text]Zazwyczaj obejmuje: zakwaterowanie, wy\u017cywienie (opr\u00f3cz wycieczek jednodniowych), program wycieczki, przejazd, opiek\u0119 przedstawiciela organizatora, ubezpieczenie po uzgodnieniu z klientem. Mo\u017cna zam\u00f3wi\u0107 dodatkowe \u015bwiadczenia.[\/vc_column_text][\/vc_column][\/vc_row][vc_row][vc_column][vc_separator][\/vc_column][\/vc_row][vc_row][vc_column css_animation=&#8221;bounceIn&#8221; width=&#8221;1\/4&#8243;][vc_icon icon_fontawesome=&#8221;fa fa-bus&#8221; color=&#8221;orange&#8221; size=&#8221;lg&#8221; align=&#8221;center&#8221;][vc_custom_heading text=&#8221;Nie doliczamy ceny dojazdu autokaru.&#8221; font_container=&#8221;tag:h3|font_size:16px|text_align:left|line_height:1.2&#8243; use_theme_fonts=&#8221;yes&#8221; link=&#8221;url:http%3A%2F%2Fthemes.themeenergy.com%2Fbookyourtravel%2Faccommodation-tag%2Ffree-kids%2F|||&#8221; css=&#8221;.vc_custom_1569517389077{padding-top: 15px !important;padding-right: 15px !important;padding-bottom: 15px !important;padding-left: 15px !important;background-color: #ffffff !important;}&#8221; el_class=&#8221;shadow&#8221;][vc_column_text]Ceny liczymy spod szko\u0142y do miejsc programowych wycieczki.[\/vc_column_text][\/vc_column][vc_column css_animation=&#8221;bounceIn&#8221; width=&#8221;1\/4&#8243;][vc_icon icon_fontawesome=&#8221;fa fa-check&#8221; color=&#8221;orange&#8221; size=&#8221;lg&#8221; align=&#8221;center&#8221;][vc_custom_heading text=&#8221;Podane ceny&#8221; font_container=&#8221;tag:h3|font_size:16px|text_align:left|line_height:1.2&#8243; use_theme_fonts=&#8221;yes&#8221; link=&#8221;url:http%3A%2F%2Fthemes.themeenergy.com%2Fbookyourtravel%2Faccommodation-tag%2Ffree-kids%2F|||&#8221; css=&#8221;.vc_custom_1569517421339{padding-top: 15px !important;padding-right: 15px !important;padding-bottom: 15px !important;padding-left: 15px !important;background-color: #ffffff !important;}&#8221; el_class=&#8221;shadow&#8221;][vc_column_text]Podane ceny na stronie s\u0105 kalkulowane z powiatu pozna\u0144skiego.[\/vc_column_text][\/vc_column][vc_column css_animation=&#8221;bounceIn&#8221; width=&#8221;1\/4&#8243;][vc_icon icon_fontawesome=&#8221;fa fa-calculator&#8221; color=&#8221;orange&#8221; size=&#8221;lg&#8221; align=&#8221;center&#8221;][vc_custom_heading text=&#8221;Na \u017cyczenie&#8221; font_container=&#8221;tag:h3|font_size:16px|text_align:left|line_height:1.2&#8243; use_theme_fonts=&#8221;yes&#8221; link=&#8221;url:http%3A%2F%2Fthemes.themeenergy.com%2Fbookyourtravel%2Faccommodation-tag%2Ffree-kids%2F|||&#8221; css=&#8221;.vc_custom_1569517454244{padding-top: 15px !important;padding-right: 15px !important;padding-bottom: 15px !important;padding-left: 15px !important;background-color: #ffffff !important;}&#8221; el_class=&#8221;shadow&#8221;][vc_column_text]Na \u017cyczenie ceny kalkulujemy z ka\u017cdego miejsca w Polsce.[\/vc_column_text][\/vc_column][vc_column css_animation=&#8221;bounceIn&#8221; width=&#8221;1\/4&#8243;][vc_icon icon_fontawesome=&#8221;fa fa-plus&#8221; color=&#8221;orange&#8221; size=&#8221;lg&#8221; align=&#8221;center&#8221;][vc_custom_heading text=&#8221;Opiekunowie&#8221; font_container=&#8221;tag:h3|font_size:16px|text_align:left|line_height:1.2&#8243; use_theme_fonts=&#8221;yes&#8221; link=&#8221;url:http%3A%2F%2Fthemes.themeenergy.com%2Fbookyourtravel%2Faccommodation-tag%2Ffree-kids%2F|||&#8221; css=&#8221;.vc_custom_1569517474933{padding-top: 15px !important;padding-right: 15px !important;padding-bottom: 15px !important;padding-left: 15px !important;background-color: #ffffff !important;}&#8221; el_class=&#8221;shadow&#8221;][vc_column_text]Opiekunowie nie ponosz\u0105 koszt\u00f3w wycieczki &#8211; liczba opiekun\u00f3w do uzgodnienia.[\/vc_column_text][\/vc_column][\/vc_row]<\/p>\n","protected":false},"excerpt":{"rendered":"<p>[vc_row][vc_column width=&#8221;1\/2&#8243;][\/vc_column][\/vc_row][vc_row][vc_column width=&#8221;1\/2&#8243;][\/vc_column][vc_column css_animation=&#8221;fadeInDown&#8221; width=&#8221;1\/2&#8243;][vc_column_text] JUNIOR TRAVEL Sp\u00f3\u0142ka z.o.o. [\/vc_column_text][\/vc_column][\/vc_row][vc_row][vc_column][vc_separator][\/vc_column][\/vc_row][vc_row][vc_column css_animation=&#8221;bounceIn&#8221; width=&#8221;1\/4&#8243;][vc_icon icon_fontawesome=&#8221;fa fa-heart&#8221; color=&#8221;orange&#8221; size=&#8221;lg&#8221; align=&#8221;center&#8221;][vc_custom_heading text=&#8221;25 letnie do\u015bwiadczenie&#8221; font_container=&#8221;tag:h3|font_size:16px|text_align:left|line_height:1.2&#8243; use_theme_fonts=&#8221;yes&#8221; link=&#8221;url:http%3A%2F%2Fthemes.themeenergy.com%2Fbookyourtravel%2Faccommodation-tag%2Ffree-kids%2F|||&#8221; css=&#8221;.vc_custom_1569516735021{padding-top: 15px !important;padding-right: 15px !important;padding-bottom: 15px !important;padding-left: 15px !important;background-color: #ffffff !important;}&#8221; el_class=&#8221;shadow&#8221;][vc_column_text]Jeste\u015bmy w turystyce od 25 lat. Zesp\u00f3\u0142 Junior Travel spe\u0142ni Twoje wszystkie specjalne \u017cyczenia. Oferujemy fachowe i profesjonalne porady dotycz\u0105ce doboru [&hellip;]<\/p>\n","protected":false},"author":1,"featured_media":0,"parent":0,"menu_order":0,"comment_status":"closed","ping_status":"closed","template":"","meta":{"_mi_skip_tracking":false,"_exactmetrics_sitenote_active":false,"_exactmetrics_sitenote_note":"","_exactmetrics_sitenote_category":0},"yoast_head":"<!-- This site is optimized with the Yoast SEO plugin v20.12 - https:\/\/yoast.com\/wordpress\/plugins\/seo\/ -->\n<title>O nas - Biuro Turystyczne<\/title>\n<meta name=\"robots\" content=\"noindex, follow, max-snippet:-1, max-image-preview:large, max-video-preview:-1\" \/>\n<meta property=\"og:locale\" content=\"pl_PL\" \/>\n<meta property=\"og:type\" content=\"article\" \/>\n<meta property=\"og:title\" content=\"O nas - Biuro Turystyczne\" \/>\n<meta property=\"og:description\" content=\"[vc_row][vc_column width=&#8221;1\/2&#8243;][\/vc_column][\/vc_row][vc_row][vc_column width=&#8221;1\/2&#8243;][\/vc_column][vc_column css_animation=&#8221;fadeInDown&#8221; width=&#8221;1\/2&#8243;][vc_column_text] JUNIOR TRAVEL Sp\u00f3\u0142ka z.o.o. [\/vc_column_text][\/vc_column][\/vc_row][vc_row][vc_column][vc_separator][\/vc_column][\/vc_row][vc_row][vc_column css_animation=&#8221;bounceIn&#8221; width=&#8221;1\/4&#8243;][vc_icon icon_fontawesome=&#8221;fa fa-heart&#8221; color=&#8221;orange&#8221; size=&#8221;lg&#8221; align=&#8221;center&#8221;][vc_custom_heading text=&#8221;25 letnie do\u015bwiadczenie&#8221; font_container=&#8221;tag:h3|font_size:16px|text_align:left|line_height:1.2&#8243; use_theme_fonts=&#8221;yes&#8221; link=&#8221;url:http%3A%2F%2Fthemes.themeenergy.com%2Fbookyourtravel%2Faccommodation-tag%2Ffree-kids%2F|||&#8221; css=&#8221;.vc_custom_1569516735021{padding-top: 15px !important;padding-right: 15px !important;padding-bottom: 15px !important;padding-left: 15px !important;background-color: #ffffff !important;}&#8221; el_class=&#8221;shadow&#8221;][vc_column_text]Jeste\u015bmy w turystyce od 25 lat. Zesp\u00f3\u0142 Junior Travel spe\u0142ni Twoje wszystkie specjalne \u017cyczenia. Oferujemy fachowe i profesjonalne porady dotycz\u0105ce doboru [&hellip;]\" \/>\n<meta property=\"og:url\" content=\"https:\/\/test.juniortravel.pl\/index.php\/o-nas\/\" \/>\n<meta property=\"og:site_name\" content=\"Biuro Turystyczne\" \/>\n<meta property=\"article:publisher\" content=\"https:\/\/www.facebook.com\/juniortravelpl\" \/>\n<meta property=\"article:modified_time\" content=\"2022-11-23T10:11:31+00:00\" \/>\n<meta name=\"twitter:card\" content=\"summary_large_image\" \/>\n<meta name=\"twitter:label1\" content=\"Szacowany czas czytania\" \/>\n\t<meta name=\"twitter:data1\" content=\"2 minuty\" \/>\n<script type=\"application\/ld+json\" class=\"yoast-schema-graph\">{\"@context\":\"https:\/\/schema.org\",\"@graph\":[{\"@type\":\"WebPage\",\"@id\":\"https:\/\/test.juniortravel.pl\/index.php\/o-nas\/\",\"url\":\"https:\/\/test.juniortravel.pl\/index.php\/o-nas\/\",\"name\":\"O nas - Biuro Turystyczne\",\"isPartOf\":{\"@id\":\"https:\/\/test.juniortravel.pl\/#website\"},\"datePublished\":\"2019-09-17T18:55:05+00:00\",\"dateModified\":\"2022-11-23T10:11:31+00:00\",\"breadcrumb\":{\"@id\":\"https:\/\/test.juniortravel.pl\/index.php\/o-nas\/#breadcrumb\"},\"inLanguage\":\"pl-PL\",\"potentialAction\":[{\"@type\":\"ReadAction\",\"target\":[\"https:\/\/test.juniortravel.pl\/index.php\/o-nas\/\"]}]},{\"@type\":\"BreadcrumbList\",\"@id\":\"https:\/\/test.juniortravel.pl\/index.php\/o-nas\/#breadcrumb\",\"itemListElement\":[{\"@type\":\"ListItem\",\"position\":1,\"name\":\"Strona g\u0142\u00f3wna\",\"item\":\"https:\/\/test.juniortravel.pl\/\"},{\"@type\":\"ListItem\",\"position\":2,\"name\":\"O nas\"}]},{\"@type\":\"WebSite\",\"@id\":\"https:\/\/test.juniortravel.pl\/#website\",\"url\":\"https:\/\/test.juniortravel.pl\/\",\"name\":\"Biuro Turystyczne\",\"description\":\"Wycieczki szkolne - Biuro Turystyczne\",\"publisher\":{\"@id\":\"https:\/\/test.juniortravel.pl\/#organization\"},\"potentialAction\":[{\"@type\":\"SearchAction\",\"target\":{\"@type\":\"EntryPoint\",\"urlTemplate\":\"https:\/\/test.juniortravel.pl\/?s={search_term_string}\"},\"query-input\":\"required name=search_term_string\"}],\"inLanguage\":\"pl-PL\"},{\"@type\":\"Organization\",\"@id\":\"https:\/\/test.juniortravel.pl\/#organization\",\"name\":\"Junior Travel\",\"url\":\"https:\/\/test.juniortravel.pl\/\",\"logo\":{\"@type\":\"ImageObject\",\"inLanguage\":\"pl-PL\",\"@id\":\"https:\/\/test.juniortravel.pl\/#\/schema\/logo\/image\/\",\"url\":\"https:\/\/www.juniortravel.pl\/wp-content\/uploads\/2017\/05\/logo_transparent.png\",\"contentUrl\":\"https:\/\/www.juniortravel.pl\/wp-content\/uploads\/2017\/05\/logo_transparent.png\",\"width\":1200,\"height\":1200,\"caption\":\"Junior Travel\"},\"image\":{\"@id\":\"https:\/\/test.juniortravel.pl\/#\/schema\/logo\/image\/\"},\"sameAs\":[\"https:\/\/www.facebook.com\/juniortravelpl\"]}]}<\/script>\n<!-- \/ Yoast SEO plugin. -->","yoast_head_json":{"title":"O nas - Biuro Turystyczne","robots":{"index":"noindex","follow":"follow","max-snippet":"max-snippet:-1","max-image-preview":"max-image-preview:large","max-video-preview":"max-video-preview:-1"},"og_locale":"pl_PL","og_type":"article","og_title":"O nas - Biuro Turystyczne","og_description":"[vc_row][vc_column width=&#8221;1\/2&#8243;][\/vc_column][\/vc_row][vc_row][vc_column width=&#8221;1\/2&#8243;][\/vc_column][vc_column css_animation=&#8221;fadeInDown&#8221; width=&#8221;1\/2&#8243;][vc_column_text] JUNIOR TRAVEL Sp\u00f3\u0142ka z.o.o. [\/vc_column_text][\/vc_column][\/vc_row][vc_row][vc_column][vc_separator][\/vc_column][\/vc_row][vc_row][vc_column css_animation=&#8221;bounceIn&#8221; width=&#8221;1\/4&#8243;][vc_icon icon_fontawesome=&#8221;fa fa-heart&#8221; color=&#8221;orange&#8221; size=&#8221;lg&#8221; align=&#8221;center&#8221;][vc_custom_heading text=&#8221;25 letnie do\u015bwiadczenie&#8221; font_container=&#8221;tag:h3|font_size:16px|text_align:left|line_height:1.2&#8243; use_theme_fonts=&#8221;yes&#8221; link=&#8221;url:http%3A%2F%2Fthemes.themeenergy.com%2Fbookyourtravel%2Faccommodation-tag%2Ffree-kids%2F|||&#8221; css=&#8221;.vc_custom_1569516735021{padding-top: 15px !important;padding-right: 15px !important;padding-bottom: 15px !important;padding-left: 15px !important;background-color: #ffffff !important;}&#8221; el_class=&#8221;shadow&#8221;][vc_column_text]Jeste\u015bmy w turystyce od 25 lat. Zesp\u00f3\u0142 Junior Travel spe\u0142ni Twoje wszystkie specjalne \u017cyczenia. Oferujemy fachowe i profesjonalne porady dotycz\u0105ce doboru [&hellip;]","og_url":"https:\/\/test.juniortravel.pl\/index.php\/o-nas\/","og_site_name":"Biuro Turystyczne","article_publisher":"https:\/\/www.facebook.com\/juniortravelpl","article_modified_time":"2022-11-23T10:11:31+00:00","twitter_card":"summary_large_image","twitter_misc":{"Szacowany czas czytania":"2 minuty"},"schema":{"@context":"https:\/\/schema.org","@graph":[{"@type":"WebPage","@id":"https:\/\/test.juniortravel.pl\/index.php\/o-nas\/","url":"https:\/\/test.juniortravel.pl\/index.php\/o-nas\/","name":"O nas - Biuro Turystyczne","isPartOf":{"@id":"https:\/\/test.juniortravel.pl\/#website"},"datePublished":"2019-09-17T18:55:05+00:00","dateModified":"2022-11-23T10:11:31+00:00","breadcrumb":{"@id":"https:\/\/test.juniortravel.pl\/index.php\/o-nas\/#breadcrumb"},"inLanguage":"pl-PL","potentialAction":[{"@type":"ReadAction","target":["https:\/\/test.juniortravel.pl\/index.php\/o-nas\/"]}]},{"@type":"BreadcrumbList","@id":"https:\/\/test.juniortravel.pl\/index.php\/o-nas\/#breadcrumb","itemListElement":[{"@type":"ListItem","position":1,"name":"Strona g\u0142\u00f3wna","item":"https:\/\/test.juniortravel.pl\/"},{"@type":"ListItem","position":2,"name":"O nas"}]},{"@type":"WebSite","@id":"https:\/\/test.juniortravel.pl\/#website","url":"https:\/\/test.juniortravel.pl\/","name":"Biuro Turystyczne","description":"Wycieczki szkolne - Biuro Turystyczne","publisher":{"@id":"https:\/\/test.juniortravel.pl\/#organization"},"potentialAction":[{"@type":"SearchAction","target":{"@type":"EntryPoint","urlTemplate":"https:\/\/test.juniortravel.pl\/?s={search_term_string}"},"query-input":"required name=search_term_string"}],"inLanguage":"pl-PL"},{"@type":"Organization","@id":"https:\/\/test.juniortravel.pl\/#organization","name":"Junior Travel","url":"https:\/\/test.juniortravel.pl\/","logo":{"@type":"ImageObject","inLanguage":"pl-PL","@id":"https:\/\/test.juniortravel.pl\/#\/schema\/logo\/image\/","url":"https:\/\/www.juniortravel.pl\/wp-content\/uploads\/2017\/05\/logo_transparent.png","contentUrl":"https:\/\/www.juniortravel.pl\/wp-content\/uploads\/2017\/05\/logo_transparent.png","width":1200,"height":1200,"caption":"Junior Travel"},"image":{"@id":"https:\/\/test.juniortravel.pl\/#\/schema\/logo\/image\/"},"sameAs":["https:\/\/www.facebook.com\/juniortravelpl"]}]}},"_links":{"self":[{"href":"https:\/\/test.juniortravel.pl\/index.php\/wp-json\/wp\/v2\/pages\/126671"}],"collection":[{"href":"https:\/\/test.juniortravel.pl\/index.php\/wp-json\/wp\/v2\/pages"}],"about":[{"href":"https:\/\/test.juniortravel.pl\/index.php\/wp-json\/wp\/v2\/types\/page"}],"author":[{"embeddable":true,"href":"https:\/\/test.juniortravel.pl\/index.php\/wp-json\/wp\/v2\/users\/1"}],"replies":[{"embeddable":true,"href":"https:\/\/test.juniortravel.pl\/index.php\/wp-json\/wp\/v2\/comments?post=126671"}],"version-history":[{"count":31,"href":"https:\/\/test.juniortravel.pl\/index.php\/wp-json\/wp\/v2\/pages\/126671\/revisions"}],"predecessor-version":[{"id":312926,"href":"https:\/\/test.juniortravel.pl\/index.php\/wp-json\/wp\/v2\/pages\/126671\/revisions\/312926"}],"wp:attachment":[{"href":"https:\/\/test.juniortravel.pl\/index.php\/wp-json\/wp\/v2\/media?parent=126671"}],"curies":[{"name":"wp","href":"https:\/\/api.w.org\/{rel}","templated":true}]}}